{"id":2862,"date":"2021-01-28T23:14:19","date_gmt":"2021-01-28T22:14:19","guid":{"rendered":"https:\/\/www.phs.team\/?page_id=2862"},"modified":"2021-05-07T16:15:38","modified_gmt":"2021-05-07T14:15:38","slug":"phs-vtt-ftt","status":"publish","type":"page","link":"https:\/\/www.phs.team\/index.php\/phs-vtt-ftt\/","title":{"rendered":"PHS VTT\/FTT"},"content":{"rendered":"<p>[et_pb_section fb_built=&#8221;1&#8243; fullwidth=&#8221;on&#8221; disabled_on=&#8221;off|off|off&#8221; admin_label=&#8221;HeaderSkiAlpinPHS&#8221; _builder_version=&#8221;4.5.7&#8243; background_image=&#8221;https:\/\/www.phs.team\/wp-content\/uploads\/2021\/01\/phs-ftt.png&#8221; parallax=&#8221;on&#8221; background_last_edited=&#8221;on|phone&#8221; background_image_phone=&#8221;https:\/\/www.phs.team\/wp-content\/uploads\/2021\/01\/phs-ftt.png&#8221; background_enable_image_phone=&#8221;on&#8221; da_disable_devices=&#8221;off|off|off&#8221; saved_tabs=&#8221;all&#8221; title_text_phone=&#8221;phs-ftt&#8221; da_is_popup=&#8221;off&#8221; da_exit_intent=&#8221;off&#8221; da_has_close=&#8221;on&#8221; da_alt_close=&#8221;off&#8221; da_dark_close=&#8221;off&#8221; da_not_modal=&#8221;on&#8221; da_is_singular=&#8221;off&#8221; da_with_loader=&#8221;off&#8221; da_has_shadow=&#8221;on&#8221;][et_pb_fullwidth_header title=&#8221;PHS VTT\/FTT&#8221; text_orientation=&#8221;center&#8221; button_one_text=&#8221;Nos s\u00e9jours&#8221; button_one_url=&#8221;#PackagesList&#8221; button_two_text=&#8221;Nos photos&#8221; button_two_url=&#8221;\/index.php\/phs-photos-single\/?photonic_gallery=W2dhbGxlcnkgY29sdW1ucz0iYXV0byIgbGF5b3V0PSJtYXNvbnJ5IiBtb3JlPSIiIGRpc3BsYXk9ImluLXBhZ2UiIHBhbmVsPSIiIGZ4PSJzbGlkZSIgdGltZW91dD0iNDAwMCIgc3BlZWQ9IjEwMDAiIHBhdXNlPSIxIiBzdHJpcC1zdHlsZT0idGh1bWJzIiBjb250cm9scz0ic2hvdyIgcG9wdXA9InBhZ2UiIGN1c3RvbV9jbGFzc2VzPSIiIGFsaWdubWVudD0iIiBwaG90b19sYXlvdXQ9Im1hc29ucnkiIGNhcHRpb249InRpdGxlIiB0aHVtYl9zaXplPSIxNTAiIG1haW5fc2l6ZT0iMTYwMCIgdGlsZV9zaXplPSIxNjAwIiBjcm9wX3RodW1iPSJjcm9wIiBjb3VudD0iMTAwIiBtZWRpYT0icGhvdG9zIiB2aWRlb19zaXplPSJkdiIgZGF0ZV9maWx0ZXJzPSIiIGNvbnRlbnRfZmlsdGVycz0iIiBhY2Nlc3M9ImFsbCIgdHlwZT0iZ29vZ2xlIiBzdHlsZT0iZGVmYXVsdCIgdmlldz0icGhvdG9zIiBwaG90b19jb3VudD0iMjAiIHBob3RvX21vcmU9IlN1aXRlIiBsb2FkX21vZGU9InBocCIgb3ZlcmxheV9zaXplPSIxNTAiIG92ZXJsYXlfdmlkZW9fc2l6ZT0iZHYiIG92ZXJsYXlfY3JvcD0iY3JvcCIgYWxidW1faWQ9IkFBRkdKUFBpWVhUaURwdzhvLWo4X1J6Q0pWekxvTEh1Q2hZMm9oeUlfTU9TM2Q4UVl6T0Q0dnRtZldfWUlGRlpTUkpWdXJwNmZXbVIiXQ=&#038;photonic_gallery_title=PHS%20FTT&#8221; disabled_on=&#8221;off|off|off&#8221; admin_label=&#8221;Hero Section&#8221; _builder_version=&#8221;4.9.3&#8243; title_font=&#8221;Montserrat|on|||&#8221; title_text_align=&#8221;center&#8221; title_font_size=&#8221;45px&#8221; title_line_height=&#8221;1.4em&#8221; content_font=&#8221;|700|||||||&#8221; content_text_align=&#8221;center&#8221; content_font_size=&#8221;20px&#8221; content_line_height=&#8221;1.8em&#8221; subhead_font=&#8221;||||&#8221; subhead_text_align=&#8221;center&#8221; background_color=&#8221;rgba(255, 255, 255, 0)&#8221; use_background_color_gradient=&#8221;on&#8221; background_color_gradient_start=&#8221;#233b4e&#8221; background_color_gradient_end=&#8221;rgba(0,0,0,0)&#8221; background_color_gradient_end_position=&#8221;40%&#8221; custom_button_one=&#8221;on&#8221; button_one_text_size=&#8221;16px&#8221; button_one_bg_color=&#8221;#233b4e&#8221; button_one_letter_spacing=&#8221;1px&#8221; button_one_font=&#8221;Montserrat|600||on|||||&#8221; custom_button_two=&#8221;on&#8221; button_two_text_size=&#8221;16px&#8221; button_two_bg_color=&#8221;#233b4e&#8221; button_two_border_width=&#8221;2px&#8221; button_two_border_color=&#8221;#ffffff&#8221; button_two_border_radius=&#8221;0&#8243; button_two_letter_spacing=&#8221;0px&#8221; button_two_font=&#8221;Montserrat|600||on|||||&#8221; max_width=&#8221;100%&#8221; max_width_tablet=&#8221;&#8221; max_width_phone=&#8221;&#8221; max_width_last_edited=&#8221;on|desktop&#8221; module_alignment=&#8221;center&#8221; custom_margin=&#8221;|||&#8221; custom_padding=&#8221;100px||100px||false|false&#8221; custom_padding_tablet=&#8221;&#8221; custom_padding_phone=&#8221;40px||40px||false|false&#8221; custom_padding_last_edited=&#8221;on|phone&#8221; animation_style=&#8221;fade&#8221; hover_enabled=&#8221;0&#8243; title_text_align_tablet=&#8221;&#8221; title_text_align_phone=&#8221;center&#8221; title_text_align_last_edited=&#8221;on|desktop&#8221; title_text_color_tablet=&#8221;&#8221; title_text_color_phone=&#8221;&#8221; title_text_color_last_edited=&#8221;on|phone&#8221; title_font_size_tablet=&#8221;31px&#8221; title_font_size_phone=&#8221;30px&#8221; title_font_size_last_edited=&#8221;on|phone&#8221; content_font_size_tablet=&#8221;20px&#8221; content_font_size_phone=&#8221;16px&#8221; content_font_size_last_edited=&#8221;on|desktop&#8221; button_one_text_size_tablet=&#8221;&#8221; button_one_text_size_phone=&#8221;13px&#8221; button_one_text_size_last_edited=&#8221;on|phone&#8221; button_two_text_size_tablet=&#8221;&#8221; button_two_text_size_phone=&#8221;13px&#8221; button_two_text_size_last_edited=&#8221;on|phone&#8221; custom_css_button_2=&#8221;margin-right: 15px;&#8221; title_text_shadow_style=&#8221;preset2&#8243; content_text_shadow_style=&#8221;preset2&#8243; box_shadow_style_button_one=&#8221;preset2&#8243; box_shadow_style_button_two=&#8221;preset2&#8243; button_one_text_color_hover=&#8221;#6eba01&#8243; button_two_text_color_hover=&#8221;#6eba01&#8243; button_one_border_color_hover=&#8221;#ffffff&#8221; button_two_border_color_hover=&#8221;#ffffff&#8221; button_one_border_radius_hover=&#8221;0&#8243; button_two_border_radius_hover=&#8221;0&#8243; button_one_letter_spacing_hover=&#8221;2&#8243; button_two_letter_spacing_hover=&#8221;2&#8243; button_one_bg_color_hover=&#8221;#ffffff&#8221; button_two_bg_color_hover=&#8221;#ffffff&#8221; button_one_text_size__hover_enabled=&#8221;off&#8221; button_two_text_size__hover_enabled=&#8221;off&#8221; button_one_text_color__hover_enabled=&#8221;on&#8221; button_one_text_color__hover=&#8221;#233b4e&#8221; button_two_text_color__hover_enabled=&#8221;on&#8221; button_two_text_color__hover=&#8221;#233b4e&#8221; button_one_border_width__hover_enabled=&#8221;off&#8221; button_two_border_width__hover_enabled=&#8221;off&#8221; button_one_border_color__hover_enabled=&#8221;on|hover&#8221; button_one_border_color__hover=&#8221;#233b4e&#8221; button_two_border_color__hover_enabled=&#8221;on|hover&#8221; button_two_border_color__hover=&#8221;#233b4e&#8221; button_one_border_radius__hover_enabled=&#8221;on|hover&#8221; button_one_border_radius__hover=&#8221;5px&#8221; button_two_border_radius__hover_enabled=&#8221;on&#8221; button_two_border_radius__hover=&#8221;5px&#8221; button_one_letter_spacing__hover_enabled=&#8221;on|hover&#8221; button_one_letter_spacing__hover=&#8221;3px&#8221; button_two_letter_spacing__hover_enabled=&#8221;on|hover&#8221; button_two_letter_spacing__hover=&#8221;3px&#8221; button_one_bg_color__hover_enabled=&#8221;on&#8221; button_one_bg_color__hover=&#8221;#ffffff&#8221; button_two_bg_color__hover_enabled=&#8221;on&#8221; button_two_bg_color__hover=&#8221;#ffffff&#8221; sticky_enabled=&#8221;0&#8243; button_one_use_icon=&#8221;off&#8221; button_two_use_icon=&#8221;off&#8221;]<\/p>\n<p>V\u00e9lo Tout Terrain et Fauteuil Tout Terrain<\/p>\n<p>[\/et_pb_fullwidth_header][\/et_pb_section][et_pb_section fb_built=&#8221;1&#8243; _builder_version=&#8221;4.5.7&#8243; _module_preset=&#8221;default&#8221; custom_padding=&#8221;||7px|||&#8221; da_disable_devices=&#8221;off|off|off&#8221; da_is_popup=&#8221;off&#8221; da_exit_intent=&#8221;off&#8221; da_has_close=&#8221;on&#8221; da_alt_close=&#8221;off&#8221; da_dark_close=&#8221;off&#8221; da_not_modal=&#8221;on&#8221; da_is_singular=&#8221;off&#8221; da_with_loader=&#8221;off&#8221; da_has_shadow=&#8221;on&#8221;][et_pb_row _builder_version=&#8221;4.5.7&#8243; _module_preset=&#8221;default&#8221;][et_pb_column type=&#8221;4_4&#8243; _builder_version=&#8221;4.5.7&#8243; _module_preset=&#8221;default&#8221;][et_pb_text _builder_version=&#8221;4.5.7&#8243; text_font=&#8221;||||&#8221; text_text_color=&#8221;#1a1a1a&#8221; header_font=&#8221;Oswald|on||on|&#8221; header_text_align=&#8221;center&#8221; header_font_size=&#8221;60px&#8221; header_line_height=&#8221;1.3em&#8221; module_alignment=&#8221;center&#8221; custom_margin=&#8221;|||&#8221; custom_padding=&#8221;|||&#8221; animation_style=&#8221;slide&#8221; animation_direction=&#8221;top&#8221; animation_intensity_slide=&#8221;10%&#8221; header_font_size_tablet=&#8221;&#8221; header_font_size_phone=&#8221;40px&#8221; header_font_size_last_edited=&#8221;on|phone&#8221; locked=&#8221;off&#8221;]<\/p>\n<h1>VTT et FTT handisport<\/h1>\n<p>[\/et_pb_text][et_pb_divider color=&#8221;#db8d1b&#8221; divider_position=&#8221;center&#8221; divider_weight=&#8221;3px&#8221; disabled_on=&#8221;off|off|off&#8221; _builder_version=&#8221;4.5.7&#8243; max_width=&#8221;150px&#8221; module_alignment=&#8221;center&#8221; height=&#8221;false&#8221; custom_margin=&#8221;30px|||&#8221; animation_style=&#8221;slide&#8221; animation_direction=&#8221;top&#8221; animation_delay=&#8221;100ms&#8221; animation_intensity_slide=&#8221;10%&#8221; locked=&#8221;off&#8221;][\/et_pb_divider][et_pb_text _builder_version=&#8221;4.9.3&#8243; _module_preset=&#8221;default&#8221; text_font=&#8221;Roboto||||||||&#8221; text_font_size=&#8221;16px&#8221; hover_enabled=&#8221;0&#8243; text_font_size_tablet=&#8221;&#8221; text_font_size_phone=&#8221;&#8221; text_font_size_last_edited=&#8221;on|phone&#8221; sticky_enabled=&#8221;0&#8243;]<\/p>\n<p style=\"text-align: justify;\">Une vraie bouff\u00e9e d&#8217;oxyg\u00e8ne o\u00f9 les obstacles s&#8217;effacent gr\u00e2ce \u00e0 la capacit\u00e9 de franchissement des FTT. Balades en pleine nature sur chemins roulants ou descentes engag\u00e9es sur chemins pentus et accident\u00e9s pour les amateurs d&#8217;adr\u00e9naline, il y en a pour tous les go\u00fbts !<br \/> Nous sommes \u00e9quip\u00e9s de FTT avec adaptation parapl\u00e9gique et t\u00e9trapl\u00e9gique de toutes les gammes de notre partenaire <a href=\"http:\/\/www.quadrix-team.com\/\" target=\"_blank\" rel=\"noopener noreferrer\" title=\"Partenaire PHS\">Mont Blanc Mobility<\/a>.<\/p>\n<p>[\/et_pb_text][et_pb_divider color=&#8221;#db8d1b&#8221; divider_position=&#8221;center&#8221; divider_weight=&#8221;3px&#8221; disabled_on=&#8221;off|off|off&#8221; _builder_version=&#8221;4.5.7&#8243; max_width=&#8221;150px&#8221; module_alignment=&#8221;center&#8221; height=&#8221;false&#8221; custom_margin=&#8221;30px|||&#8221; animation_style=&#8221;slide&#8221; animation_direction=&#8221;top&#8221; animation_delay=&#8221;100ms&#8221; animation_intensity_slide=&#8221;10%&#8221; locked=&#8221;off&#8221;][\/et_pb_divider][\/et_pb_column][\/et_pb_row][\/et_pb_section][et_pb_section fb_built=&#8221;1&#8243; custom_padding_last_edited=&#8221;on|tablet&#8221; admin_label=&#8221;PackagesSkiAlpinPHS&#8221; _builder_version=&#8221;3.22&#8243; custom_padding=&#8221;3px||110px|||&#8221; custom_padding_tablet=&#8221;0px||0px|&#8221; custom_padding_phone=&#8221;&#8221; da_disable_devices=&#8221;off|off|off&#8221; da_is_popup=&#8221;off&#8221; da_exit_intent=&#8221;off&#8221; da_has_close=&#8221;on&#8221; da_alt_close=&#8221;off&#8221; da_dark_close=&#8221;off&#8221; da_not_modal=&#8221;on&#8221; da_is_singular=&#8221;off&#8221; da_with_loader=&#8221;off&#8221; da_has_shadow=&#8221;on&#8221;][et_pb_row column_structure=&#8221;1_2,1_2&#8243; admin_label=&#8221;Package&#8221; _builder_version=&#8221;3.25&#8243; background_size=&#8221;initial&#8221; background_position=&#8221;top_left&#8221; background_repeat=&#8221;repeat&#8221;][et_pb_column type=&#8221;1_2&#8243; _builder_version=&#8221;3.25&#8243; custom_padding=&#8221;|||&#8221; custom_padding__hover=&#8221;|||&#8221;][et_pb_image src=&#8221;https:\/\/www.phs.team\/wp-content\/uploads\/2021\/01\/phs-ftt3.png&#8221; alt=&#8221;PHS activit\u00e9 FTT&#8221; title_text=&#8221;PHS FTT&#8221; align_tablet=&#8221;center&#8221; align_phone=&#8221;&#8221; align_last_edited=&#8221;on|desktop&#8221; admin_label=&#8221;Package Image&#8221; module_id=&#8221;PackagesList&#8221; _builder_version=&#8221;4.9.3&#8243; custom_padding=&#8221;||||false|false&#8221; animation_style=&#8221;fold&#8221; animation_direction=&#8221;right&#8221; animation_intensity_fold=&#8221;20%&#8221; border_radii=&#8221;on|5px|5px|5px|5px&#8221; box_shadow_style=&#8221;preset2&#8243;][\/et_pb_image][\/et_pb_column][et_pb_column type=&#8221;1_2&#8243; _builder_version=&#8221;3.25&#8243; custom_padding=&#8221;|||&#8221; custom_padding__hover=&#8221;|||&#8221;][et_pb_text admin_label=&#8221;Package Title&#8221; _builder_version=&#8221;4.5.7&#8243; text_font=&#8221;Oswald||||&#8221; text_text_color=&#8221;#1a1a1a&#8221; text_font_size=&#8221;24px&#8221; background_size=&#8221;initial&#8221; background_position=&#8221;top_left&#8221; background_repeat=&#8221;repeat&#8221; animation_style=&#8221;zoom&#8221; animation_direction=&#8221;left&#8221; animation_intensity_zoom=&#8221;10%&#8221;]<\/p>\n<p>S\u00e9jour VTT\/FTT<\/p>\n<p>[\/et_pb_text][et_pb_text admin_label=&#8221;Description&#8221; _builder_version=&#8221;4.5.7&#8243; text_font=&#8221;Roboto||||&#8221; text_line_height=&#8221;1.8em&#8221; background_size=&#8221;initial&#8221; background_position=&#8221;top_left&#8221; background_repeat=&#8221;repeat&#8221; custom_margin=&#8221;||40px|||&#8221; animation_style=&#8221;zoom&#8221; animation_direction=&#8221;left&#8221; animation_delay=&#8221;100ms&#8221; animation_intensity_zoom=&#8221;10%&#8221;]<\/p>\n<p style=\"text-align: justify;\">Plusieurs circuits sont propos\u00e9s : en montagne o\u00f9 il est possible d&#8217;utiliser les remont\u00e9es m\u00e9caniques l&#8217;\u00e9t\u00e9 pour les t\u00e9l\u00e9si\u00e8ges, ou des sorties en autonomie dans tous types de terrains avec les mod\u00e8les \u00e9lectriques.<\/p>\n<p>Vous pouvez venir accompagn\u00e9s de personnes ayant d\u00e9j\u00e0 une exp\u00e9rience en VTT.<\/p>\n<p>[\/et_pb_text][et_pb_button button_url=&#8221;\/index.php\/phs-contact&#8221; button_text=&#8221;Nous contacter&#8221; button_alignment=&#8221;center&#8221; _builder_version=&#8221;4.9.3&#8243; custom_button=&#8221;on&#8221; button_text_color=&#8221;#1a1a1a&#8221; button_border_color=&#8221;#1a1a1a&#8221; button_border_radius=&#8221;0px&#8221; button_letter_spacing=&#8221;4px&#8221; button_font=&#8221;Oswald|on||on|&#8221; custom_padding=&#8221;||||false|false&#8221; animation_style=&#8221;zoom&#8221; animation_direction=&#8221;left&#8221; animation_delay=&#8221;300ms&#8221; animation_intensity_zoom=&#8221;10%&#8221; hover_enabled=&#8221;0&#8243; box_shadow_style=&#8221;preset2&#8243; button_text_color_hover=&#8221;#1a1a1a&#8221; button_border_color_hover=&#8221;#1a1a1a&#8221; button_border_radius_hover=&#8221;0px&#8221; button_letter_spacing_hover=&#8221;4px&#8221; button_bg_color_hover=&#8221;rgba(0,0,0,0)&#8221; button_text_size__hover_enabled=&#8221;off&#8221; button_one_text_size__hover_enabled=&#8221;off&#8221; button_two_text_size__hover_enabled=&#8221;off&#8221; button_text_color__hover_enabled=&#8221;on&#8221; button_text_color__hover=&#8221;#1a1a1a&#8221; button_one_text_color__hover_enabled=&#8221;off&#8221; button_two_text_color__hover_enabled=&#8221;off&#8221; button_border_width__hover_enabled=&#8221;off&#8221; button_one_border_width__hover_enabled=&#8221;off&#8221; button_two_border_width__hover_enabled=&#8221;off&#8221; button_border_color__hover_enabled=&#8221;on&#8221; button_border_color__hover=&#8221;#1a1a1a&#8221; button_one_border_color__hover_enabled=&#8221;off&#8221; button_two_border_color__hover_enabled=&#8221;off&#8221; button_border_radius__hover_enabled=&#8221;on|hover&#8221; button_border_radius__hover=&#8221;5px&#8221; button_one_border_radius__hover_enabled=&#8221;off&#8221; button_two_border_radius__hover_enabled=&#8221;off&#8221; button_letter_spacing__hover_enabled=&#8221;on&#8221; button_letter_spacing__hover=&#8221;5px&#8221; button_one_letter_spacing__hover_enabled=&#8221;off&#8221; button_two_letter_spacing__hover_enabled=&#8221;off&#8221; button_bg_color__hover_enabled=&#8221;on&#8221; button_bg_color__hover=&#8221;rgba(0,0,0,0)&#8221; button_one_bg_color__hover_enabled=&#8221;off&#8221; button_two_bg_color__hover_enabled=&#8221;off&#8221; sticky_enabled=&#8221;0&#8243; button_use_icon=&#8221;off&#8221;][\/et_pb_button][\/et_pb_column][\/et_pb_row][\/et_pb_section]<\/p>\n","protected":false},"excerpt":{"rendered":"<p>V\u00e9lo Tout Terrain et Fauteuil Tout TerrainVTT et FTT handisportUne vraie bouff\u00e9e d&#8217;oxyg\u00e8ne o\u00f9 les obstacles s&#8217;effacent gr\u00e2ce \u00e0 la capacit\u00e9 de franchissement des FTT. Balades en pleine nature sur chemins roulants ou descentes engag\u00e9es sur chemins pentus et accident\u00e9s pour les amateurs d&#8217;adr\u00e9naline, il y en a pour tous les go\u00fbts ! Nous sommes [&hellip;]<\/p>\n","protected":false},"author":1,"featured_media":0,"parent":0,"menu_order":0,"comment_status":"closed","ping_status":"closed","template":"","meta":{"_et_pb_use_builder":"on","_et_pb_old_content":"","_et_gb_content_width":"","footnotes":""},"class_list":["post-2862","page","type-page","status-publish","hentry"],"_links":{"self":[{"href":"https:\/\/www.phs.team\/index.php\/wp-json\/wp\/v2\/pages\/2862"}],"collection":[{"href":"https:\/\/www.phs.team\/index.php\/wp-json\/wp\/v2\/pages"}],"about":[{"href":"https:\/\/www.phs.team\/index.php\/wp-json\/wp\/v2\/types\/page"}],"author":[{"embeddable":true,"href":"https:\/\/www.phs.team\/index.php\/wp-json\/wp\/v2\/users\/1"}],"replies":[{"embeddable":true,"href":"https:\/\/www.phs.team\/index.php\/wp-json\/wp\/v2\/comments?post=2862"}],"version-history":[{"count":25,"href":"https:\/\/www.phs.team\/index.php\/wp-json\/wp\/v2\/pages\/2862\/revisions"}],"predecessor-version":[{"id":24834,"href":"https:\/\/www.phs.team\/index.php\/wp-json\/wp\/v2\/pages\/2862\/revisions\/24834"}],"wp:attachment":[{"href":"https:\/\/www.phs.team\/index.php\/wp-json\/wp\/v2\/media?parent=2862"}],"curies":[{"name":"wp","href":"https:\/\/api.w.org\/{rel}","templated":true}]}}